{"id":1071,"date":"2019-07-29T07:14:55","date_gmt":"2019-07-29T10:14:55","guid":{"rendered":"http:\/\/consulting.stylemixthemes.com\/?page_id=2"},"modified":"2024-07-30T11:27:37","modified_gmt":"2024-07-30T14:27:37","slug":"home","status":"publish","type":"page","link":"https:\/\/planocaminhonovo.com.br\/site\/","title":{"rendered":"Home"},"content":{"rendered":"<p>[vc_row css=&#8221;.vc_custom_1461134371794{margin-bottom: 0px !important;}&#8221;][vc_column offset=&#8221;vc_hidden-xs&#8221;][rev_slider_vc alias=&#8221;main_slider&#8221;][\/vc_column][\/vc_row][vc_row full_width=&#8221;stretch_row&#8221; el_class=&#8221;third_bg_color&#8221;][vc_column offset=&#8221;vc_hidden-lg vc_hidden-md&#8221;]\n<div id=\"rev_slider_9_1_wrapper\" class=\"rev_slider_wrapper fullwidthbanner-container\" style=\"margin:0px auto;background-color:transparent;padding:0px;margin-top:0px;margin-bottom:0px;\">\n<!-- START REVOLUTION SLIDER 5.2.5.4 fullwidth mode -->\n\t<div id=\"rev_slider_9_1\" class=\"rev_slider fullwidthabanner\" style=\"display:none;\" data-version=\"5.2.5.4\">\n<ul>\t<!-- SLIDE  -->\n\t<li data-index=\"rs-20\" data-transition=\"slidehorizontal\" data-slotamount=\"default\" data-hideafterloop=\"0\" data-hideslideonmobile=\"off\"  data-easein=\"default\" data-easeout=\"default\" data-masterspeed=\"default\"  data-thumb=\"https:\/\/planocaminhonovo.com.br\/site\/wp-content\/uploads\/2020\/02\/slide-home-mobile.jpg\"  data-rotate=\"0\"  data-saveperformance=\"off\"  data-title=\"Slide\" data-param1=\"\" data-param2=\"\" data-param3=\"\" data-param4=\"\" data-param5=\"\" data-param6=\"\" data-param7=\"\" data-param8=\"\" data-param9=\"\" data-param10=\"\" data-description=\"\">\n\t\t<!-- MAIN IMAGE -->\n\t\t<img loading=\"lazy\" decoding=\"async\" src=\"https:\/\/planocaminhonovo.com.br\/site\/wp-content\/plugins\/revslider\/admin\/assets\/images\/dummy.png\"  alt=\"\" title=\"slide-home-mobile\"  width=\"1508\" height=\"613\" data-lazyload=\"https:\/\/planocaminhonovo.com.br\/site\/wp-content\/uploads\/2020\/02\/slide-home-mobile.jpg\" data-bgposition=\"right center\" data-bgfit=\"cover\" data-bgrepeat=\"no-repeat\" data-bgparallax=\"off\" class=\"rev-slidebg\" data-no-retina>\n\t\t<!-- LAYERS -->\n\t<\/li>\n<\/ul>\n<div class=\"tp-bannertimer tp-bottom\" style=\"visibility: hidden !important;\"><\/div>\t<\/div>\n<script>var htmlDiv = document.getElementById(\"rs-plugin-settings-inline-css\"); var htmlDivCss=\"\";\n\t\t\t\tif(htmlDiv) {\n\t\t\t\t\thtmlDiv.innerHTML = htmlDiv.innerHTML + htmlDivCss;\n\t\t\t\t}else{\n\t\t\t\t\tvar htmlDiv = document.createElement(\"div\");\n\t\t\t\t\thtmlDiv.innerHTML = \"<style>\" + htmlDivCss + \"<\/style>\";\n\t\t\t\t\tdocument.getElementsByTagName(\"head\")[0].appendChild(htmlDiv.childNodes[0]);\n\t\t\t\t}\n\t\t\t<\/script>\n\t\t<script type=\"text\/javascript\">\n\t\t\t\t\t\t\/******************************************\n\t\t\t\t-\tPREPARE PLACEHOLDER FOR SLIDER\t-\n\t\t\t******************************************\/\n\n\t\t\tvar setREVStartSize=function(){\n\t\t\t\ttry{var e=new Object,i=jQuery(window).width(),t=9999,r=0,n=0,l=0,f=0,s=0,h=0;\n\t\t\t\t\te.c = jQuery('#rev_slider_9_1');\n\t\t\t\t\te.responsiveLevels = [1240,1024,778,480];\n\t\t\t\t\te.gridwidth = [1400,1024,778,480];\n\t\t\t\t\te.gridheight = [418,418,418,300];\n\t\t\t\t\t\t\t\n\t\t\t\t\te.sliderLayout = \"fullwidth\";\n\t\t\t\t\tif(e.responsiveLevels&&(jQuery.each(e.responsiveLevels,function(e,f){f>i&&(t=r=f,l=e),i>f&&f>r&&(r=f,n=e)}),t>r&&(l=n)),f=e.gridheight[l]||e.gridheight[0]||e.gridheight,s=e.gridwidth[l]||e.gridwidth[0]||e.gridwidth,h=i\/s,h=h>1?1:h,f=Math.round(h*f),\"fullscreen\"==e.sliderLayout){var u=(e.c.width(),jQuery(window).height());if(void 0!=e.fullScreenOffsetContainer){var c=e.fullScreenOffsetContainer.split(\",\");if (c) jQuery.each(c,function(e,i){u=jQuery(i).length>0?u-jQuery(i).outerHeight(!0):u}),e.fullScreenOffset.split(\"%\").length>1&&void 0!=e.fullScreenOffset&&e.fullScreenOffset.length>0?u-=jQuery(window).height()*parseInt(e.fullScreenOffset,0)\/100:void 0!=e.fullScreenOffset&&e.fullScreenOffset.length>0&&(u-=parseInt(e.fullScreenOffset,0))}f=u}else void 0!=e.minHeight&&f<e.minHeight&&(f=e.minHeight);e.c.closest(\".rev_slider_wrapper\").css({height:f})\n\t\t\t\t\t\n\t\t\t\t}catch(d){console.log(\"Failure at Presize of Slider:\"+d)}\n\t\t\t};\n\t\t\t\n\t\t\tsetREVStartSize();\n\t\t\t\n\t\t\t\t\t\tvar tpj=jQuery;\n\t\t\t\n\t\t\tvar revapi9;\n\t\t\ttpj(document).ready(function() {\n\t\t\t\tif(tpj(\"#rev_slider_9_1\").revolution == undefined){\n\t\t\t\t\trevslider_showDoubleJqueryError(\"#rev_slider_9_1\");\n\t\t\t\t}else{\n\t\t\t\t\trevapi9 = tpj(\"#rev_slider_9_1\").show().revolution({\n\t\t\t\t\t\tsliderType:\"hero\",\njsFileLocation:\"\/\/planocaminhonovo.com.br\/site\/wp-content\/plugins\/revslider\/public\/assets\/js\/\",\n\t\t\t\t\t\tsliderLayout:\"fullwidth\",\n\t\t\t\t\t\tdottedOverlay:\"none\",\n\t\t\t\t\t\tdelay:9000,\n\t\t\t\t\t\tnavigation: {\n\t\t\t\t\t\t},\n\t\t\t\t\t\tresponsiveLevels:[1240,1024,778,480],\n\t\t\t\t\t\tvisibilityLevels:[1240,1024,778,480],\n\t\t\t\t\t\tgridwidth:[1400,1024,778,480],\n\t\t\t\t\t\tgridheight:[418,418,418,300],\n\t\t\t\t\t\tlazyType:\"smart\",\n\t\t\t\t\t\tparallax: {\n\t\t\t\t\t\t\ttype:\"mouse\",\n\t\t\t\t\t\t\torigo:\"slidercenter\",\n\t\t\t\t\t\t\tspeed:2000,\n\t\t\t\t\t\t\tlevels:[2,3,4,5,6,7,12,16,10,50,47,48,49,50,51,55],\n\t\t\t\t\t\t\ttype:\"mouse\",\n\t\t\t\t\t\t},\n\t\t\t\t\t\tshadow:0,\n\t\t\t\t\t\tspinner:\"off\",\n\t\t\t\t\t\tautoHeight:\"off\",\n\t\t\t\t\t\tdisableProgressBar:\"on\",\n\t\t\t\t\t\thideThumbsOnMobile:\"on\",\n\t\t\t\t\t\thideSliderAtLimit:0,\n\t\t\t\t\t\thideCaptionAtLimit:0,\n\t\t\t\t\t\thideAllCaptionAtLilmit:0,\n\t\t\t\t\t\tdebugMode:false,\n\t\t\t\t\t\tfallbacks: {\n\t\t\t\t\t\t\tsimplifyAll:\"off\",\n\t\t\t\t\t\t\tdisableFocusListener:false,\n\t\t\t\t\t\t}\n\t\t\t\t\t});\n\t\t\t\t}\n\t\t\t});\t\/*ready*\/\n\t\t<\/script>\n\t\t<\/div><!-- END REVOLUTION SLIDER -->[\/vc_column][\/vc_row][vc_row css=&#8221;.vc_custom_1605794368772{margin-bottom: 0px !important;background-color: #006a9d !important;}&#8221;][vc_column offset=&#8221;vc_hidden-xs&#8221;][vc_cta h2=&#8221;N\u00e3o deixe para amanh\u00e3 a tranquilidade que voc\u00ea pode viver hoje!&#8221; h2_font_container=&#8221;font_size:20px|color:%23ffffff|line_height:20px&#8221; h2_use_theme_fonts=&#8221;yes&#8221; shape=&#8221;square&#8221; style=&#8221;flat&#8221; add_button=&#8221;right&#8221; btn_title=&#8221;Contrate&#8221; btn_style=&#8221;flat&#8221; btn_color=&#8221;theme_style_2&#8243; btn_size=&#8221;sm&#8221; btn_align=&#8221;right&#8221; btn_i_align=&#8221;right&#8221; btn_i_icon_fontawesome=&#8221;fa fa-chevron-right&#8221; use_custom_fonts_h2=&#8221;true&#8221; btn_link=&#8221;url:%2Fsite%2Fcontato|title:Associe-se|&#8221; btn_add_icon=&#8221;true&#8221; el_class=&#8221;third_bg_color&#8221; btn_button_block=&#8221;true&#8221;][\/vc_cta][\/vc_column][\/vc_row][vc_row full_width=&#8221;stretch_row&#8221; css=&#8221;.vc_custom_1461143528356{padding-top: 70px !important;padding-bottom: 70px !important;background-color: #f2f2f2 !important;}&#8221;][vc_column width=&#8221;1\/2&#8243; offset=&#8221;vc_col-lg-4 vc_col-md-4&#8243;][stm_info_box style=&#8221;style_3&#8243; title_icon=&#8221;stm-home&#8221; icon=&#8221;fa fa-chevron-right&#8221; title=&#8221;20 anos de hist\u00f3ria&#8221; image=&#8221;1953&#8243; link=&#8221;||&#8221; css=&#8221;.vc_custom_1582710519699{margin-bottom: 0px !important;}&#8221;]O Plano de Assist\u00eancia Familiar Caminho Novo iniciou suas atividades em maio de 1999, prestando servi\u00e7os na regi\u00e3o do Alto Vale do Itaja\u00ed.[\/stm_info_box][stm_spacing sm_spacing=&#8221;30px&#8221; xs_spacing=&#8221;30px&#8221;][\/vc_column][vc_column width=&#8221;1\/2&#8243; offset=&#8221;vc_col-lg-4 vc_col-md-4&#8243;][stm_info_box style=&#8221;style_3&#8243; title_icon=&#8221;stm-nokia&#8221; icon=&#8221;fa fa-chevron-right&#8221; title=&#8221;Nosso Objetivo&#8221; image=&#8221;1955&#8243; link=&#8221;||&#8221; css=&#8221;.vc_custom_1582711192146{margin-bottom: 0px !important;}&#8221;]Atender sempre com muito respeito, \u00e9tica e dedica\u00e7\u00e3o, buscando auxiliar \u00e0s fam\u00edlias, oferecendo todo suporte necess\u00e1rio nessa hora t\u00e3o dif\u00edcil.[\/stm_info_box][stm_spacing sm_spacing=&#8221;30px&#8221; xs_spacing=&#8221;30px&#8221;][\/vc_column][vc_column width=&#8221;1\/2&#8243; offset=&#8221;vc_col-lg-4 vc_col-md-4&#8243;][stm_info_box style=&#8221;style_3&#8243; title_icon=&#8221;stm-badge&#8221; icon=&#8221;fa fa-chevron-right&#8221; title=&#8221;Benef\u00edcios&#8221; image=&#8221;1956&#8243; link=&#8221;||&#8221; css=&#8221;.vc_custom_1582711417606{margin-bottom: 0px !important;}&#8221;]Al\u00e9m do Aux\u00edlio Funeral, oferecemos diversos conv\u00eanios com descontos exclusivos e dispomos de empr\u00e9stimos de equipamentos para convalescen\u00e7a.[\/stm_info_box][\/vc_column][\/vc_row]<\/p>\n","protected":false},"excerpt":{"rendered":"<p>[vc_row css=&#8221;.vc_custom_1461134371794{margin-bottom: 0px !important;}&#8221;][vc_column offset=&#8221;vc_hidden-xs&#8221;][rev_slider_vc alias=&#8221;main_slider&#8221;][\/vc_column][\/vc_row][vc_row full_width=&#8221;stretch_row&#8221; el_class=&#8221;third_bg_color&#8221;][vc_column offset=&#8221;vc_hidden-lg vc_hidden-md&#8221;][\/vc_column][\/vc_row][vc_row css=&#8221;.vc_custom_1605794368772{margin-bottom: 0px !important;background-color: #006a9d !important;}&#8221;][vc_column offset=&#8221;vc_hidden-xs&#8221;][vc_cta h2=&#8221;N\u00e3o deixe para amanh\u00e3 a tranquilidade que voc\u00ea pode viver hoje!&#8221; h2_font_container=&#8221;font_size:20px|color:%23ffffff|line_height:20px&#8221; h2_use_theme_fonts=&#8221;yes&#8221; shape=&#8221;square&#8221; style=&#8221;flat&#8221; add_button=&#8221;right&#8221; btn_title=&#8221;Contrate&#8221; btn_style=&#8221;flat&#8221; btn_color=&#8221;theme_style_2&#8243; btn_size=&#8221;sm&#8221; btn_align=&#8221;right&#8221; btn_i_align=&#8221;right&#8221; btn_i_icon_fontawesome=&#8221;fa fa-chevron-right&#8221; use_custom_fonts_h2=&#8221;true&#8221; btn_link=&#8221;url:%2Fsite%2Fcontato|title:Associe-se|&#8221; btn_add_icon=&#8221;true&#8221; el_class=&#8221;third_bg_color&#8221; btn_button_block=&#8221;true&#8221;][\/vc_cta][\/vc_column][\/vc_row][vc_row full_width=&#8221;stretch_row&#8221; css=&#8221;.vc_custom_1461143528356{padding-top: 70px !important;padding-bottom: 70px !important;background-color: #f2f2f2 !important;}&#8221;][vc_column width=&#8221;1\/2&#8243; offset=&#8221;vc_col-lg-4<\/p>\n","protected":false},"author":3,"featured_media":0,"parent":0,"menu_order":1,"comment_status":"closed","ping_status":"closed","template":"","meta":{"footnotes":""},"class_list":["post-1071","page","type-page","status-publish","hentry"],"aioseo_notices":[],"_links":{"self":[{"href":"https:\/\/planocaminhonovo.com.br\/site\/wp-json\/wp\/v2\/pages\/1071"}],"collection":[{"href":"https:\/\/planocaminhonovo.com.br\/site\/wp-json\/wp\/v2\/pages"}],"about":[{"href":"https:\/\/planocaminhonovo.com.br\/site\/wp-json\/wp\/v2\/types\/page"}],"author":[{"embeddable":true,"href":"https:\/\/planocaminhonovo.com.br\/site\/wp-json\/wp\/v2\/users\/3"}],"replies":[{"embeddable":true,"href":"https:\/\/planocaminhonovo.com.br\/site\/wp-json\/wp\/v2\/comments?post=1071"}],"version-history":[{"count":54,"href":"https:\/\/planocaminhonovo.com.br\/site\/wp-json\/wp\/v2\/pages\/1071\/revisions"}],"predecessor-version":[{"id":3054,"href":"https:\/\/planocaminhonovo.com.br\/site\/wp-json\/wp\/v2\/pages\/1071\/revisions\/3054"}],"wp:attachment":[{"href":"https:\/\/planocaminhonovo.com.br\/site\/wp-json\/wp\/v2\/media?parent=1071"}],"curies":[{"name":"wp","href":"https:\/\/api.w.org\/{rel}","templated":true}]}}